{"id":9,"date":"2015-07-21T00:33:13","date_gmt":"2015-07-20T21:33:13","guid":{"rendered":"http:\/\/tunaelektroteknik.com\/?page_id=9"},"modified":"2015-07-30T16:31:20","modified_gmt":"2015-07-30T13:31:20","slug":"hedeflerimiz","status":"publish","type":"page","link":"https:\/\/tunaelektroteknik.com\/index.php\/hedeflerimiz\/","title":{"rendered":"Hedeflerimiz"},"content":{"rendered":"<p><img decoding=\"async\" loading=\"lazy\" class=\"aligncenter wp-image-86 size-full\" src=\"https:\/\/tunaelektroteknik.com\/wp-content\/uploads\/2015\/07\/hedefler.jpg\" alt=\"hedefler\" width=\"500\" height=\"375\" srcset=\"https:\/\/tunaelektroteknik.com\/wp-content\/uploads\/2015\/07\/hedefler.jpg 500w, https:\/\/tunaelektroteknik.com\/wp-content\/uploads\/2015\/07\/hedefler-300x225.jpg 300w\" sizes=\"(max-width: 500px) 100vw, 500px\" \/><\/p>\n<ul>\n<li>Geli\u015fen teknolojileri takip ederek optimum \u00e7\u00f6z\u00fcmleri bulmak.<\/li>\n<li>Rekabet ortam\u0131nda s\u00fcrekli geli\u015fme ve iyilesmeye a\u00e7\u0131k olmak.<\/li>\n<li>Mesleki e\u011fitim ve i\u015f g\u00fcvenli\u011fi egitimleriyle i\u015f g\u00fcc\u00fc etkinli\u011fimizi artt\u0131rmak.<\/li>\n<li>Yapti\u011f\u0131m\u0131z her i\u015fte, kalite ve zaman\u0131nda bitirme bilincini uygulamak.<\/li>\n<li>Global d\u00fcnyada i\u015f yapma yeteneklerimizi arttirabilmek i\u00e7in politikalar \u00fcretmek.<\/li>\n<li>&#8220;M\u00fc\u015fteri varsa biz var\u0131z&#8221; d\u00fc\u015f\u00fcncesiyle hizmet politikam\u0131z\u0131&#8221;m\u00fc\u015fteri memnuniyeti&#8221; \u00fczerine kurmak.<\/li>\n<li>G\u00fcvenli kaynaklardan nitelikli girdi sa\u011flamak.<\/li>\n<\/ul>\n","protected":false},"excerpt":{"rendered":"<p>Geli\u015fen teknolojileri takip ederek optimum \u00e7\u00f6z\u00fcmleri bulmak. Rekabet ortam\u0131nda s\u00fcrekli geli\u015fme ve iyilesmeye a\u00e7\u0131k olmak. Mesleki e\u011fitim ve i\u015f g\u00fcvenli\u011fi [&hellip;]<\/p>\n","protected":false},"author":1,"featured_media":0,"parent":0,"menu_order":0,"comment_status":"open","ping_status":"open","template":"","meta":[],"_links":{"self":[{"href":"https:\/\/tunaelektroteknik.com\/index.php\/wp-json\/wp\/v2\/pages\/9"}],"collection":[{"href":"https:\/\/tunaelektroteknik.com\/index.php\/wp-json\/wp\/v2\/pages"}],"about":[{"href":"https:\/\/tunaelektroteknik.com\/index.php\/wp-json\/wp\/v2\/types\/page"}],"author":[{"embeddable":true,"href":"https:\/\/tunaelektroteknik.com\/index.php\/wp-json\/wp\/v2\/users\/1"}],"replies":[{"embeddable":true,"href":"https:\/\/tunaelektroteknik.com\/index.php\/wp-json\/wp\/v2\/comments?post=9"}],"version-history":[{"count":2,"href":"https:\/\/tunaelektroteknik.com\/index.php\/wp-json\/wp\/v2\/pages\/9\/revisions"}],"predecessor-version":[{"id":87,"href":"https:\/\/tunaelektroteknik.com\/index.php\/wp-json\/wp\/v2\/pages\/9\/revisions\/87"}],"wp:attachment":[{"href":"https:\/\/tunaelektroteknik.com\/index.php\/wp-json\/wp\/v2\/media?parent=9"}],"curies":[{"name":"wp","href":"https:\/\/api.w.org\/{rel}","templated":true}]}}