{"id":75,"date":"2015-07-22T12:20:27","date_gmt":"2015-07-22T09:20:27","guid":{"rendered":"http:\/\/tunaelektroteknik.com\/?page_id=75"},"modified":"2023-04-24T21:22:56","modified_gmt":"2023-04-24T18:22:56","slug":"iletisim","status":"publish","type":"page","link":"https:\/\/tunaelektroteknik.com\/index.php\/iletisim\/","title":{"rendered":"\u0130leti\u015fim"},"content":{"rendered":"<h3><object width=\"54\" height=\"48\" classid=\"clsid:D27CDB6E-AE6D-11cf-96B8-444553540000\" codebase=\"http:\/\/download.macromedia.com\/pub\/shockwave\/cabs\/flash\/swflash.cab#version=6,0,29,0\"><embed src=\"http:\/\/tunaelektrik.com.tr\/webresimler\/move\/logo.swf\" quality=\"high\" pluginspage=\"http:\/\/www.macromedia.com\/go\/getflashplayer\" type=\"application\/x-shockwave-flash\" bgcolor=\"#F3F4F8\" height=\"48\" width=\"54\" \/><\/object> <span class=\"style76\"><br \/>\n<\/span>Tuna Elektroteknik Elektrik M\u00fch.San.Tic.Ltd.\u015eti<\/h3>\n<p><strong>\u015e\u0130RKET ADRES\u0130M\u0130Z<\/strong><\/p>\n<div>Z\u00fcht\u00fcpa\u015fa Mah. \u015eefikbey Sk. No:3 Kad\u0131k\u00f6y\/\u0130STANBUL<\/div>\n<div><strong>Tel<\/strong>: 0216 467 86 24 \u00a0fax:25<\/div>\n<div><strong>Cep<\/strong>: 0532 270 85 86<\/div>\n<p><span class=\"style74\"><span class=\"style75\">info@tunaelektroteknik.com &#8211;\u00a0 yhocalar@gmail.com<br \/>\nwww.tunaelektroteknik.com<\/span><\/span><\/p>\n","protected":false},"excerpt":{"rendered":"<p>Tuna Elektroteknik Elektrik M\u00fch.San.Tic.Ltd.\u015eti \u015e\u0130RKET ADRES\u0130M\u0130Z Z\u00fcht\u00fcpa\u015fa Mah. \u015eefikbey Sk. No:3 Kad\u0131k\u00f6y\/\u0130STANBUL Tel: 0216 467 86 24 \u00a0fax:25 Cep: 0532 [&hellip;]<\/p>\n","protected":false},"author":1,"featured_media":0,"parent":0,"menu_order":0,"comment_status":"open","ping_status":"open","template":"","meta":[],"_links":{"self":[{"href":"https:\/\/tunaelektroteknik.com\/index.php\/wp-json\/wp\/v2\/pages\/75"}],"collection":[{"href":"https:\/\/tunaelektroteknik.com\/index.php\/wp-json\/wp\/v2\/pages"}],"about":[{"href":"https:\/\/tunaelektroteknik.com\/index.php\/wp-json\/wp\/v2\/types\/page"}],"author":[{"embeddable":true,"href":"https:\/\/tunaelektroteknik.com\/index.php\/wp-json\/wp\/v2\/users\/1"}],"replies":[{"embeddable":true,"href":"https:\/\/tunaelektroteknik.com\/index.php\/wp-json\/wp\/v2\/comments?post=75"}],"version-history":[{"count":5,"href":"https:\/\/tunaelektroteknik.com\/index.php\/wp-json\/wp\/v2\/pages\/75\/revisions"}],"predecessor-version":[{"id":189,"href":"https:\/\/tunaelektroteknik.com\/index.php\/wp-json\/wp\/v2\/pages\/75\/revisions\/189"}],"wp:attachment":[{"href":"https:\/\/tunaelektroteknik.com\/index.php\/wp-json\/wp\/v2\/media?parent=75"}],"curies":[{"name":"wp","href":"https:\/\/api.w.org\/{rel}","templated":true}]}}