{"id":7,"date":"2015-07-21T00:20:52","date_gmt":"2015-07-20T21:20:52","guid":{"rendered":"http:\/\/tunaelektroteknik.com\/?page_id=7"},"modified":"2015-07-30T16:28:37","modified_gmt":"2015-07-30T13:28:37","slug":"hizmetlerimiz","status":"publish","type":"page","link":"https:\/\/tunaelektroteknik.com\/index.php\/hizmetlerimiz\/","title":{"rendered":"Hizmetler"},"content":{"rendered":"<p><img decoding=\"async\" loading=\"lazy\" class=\"aligncenter wp-image-82 size-full\" src=\"https:\/\/tunaelektroteknik.com\/wp-content\/uploads\/2015\/07\/hizmetlerimiz.jpg\" alt=\"hizmetlerimiz\" width=\"669\" height=\"78\" srcset=\"https:\/\/tunaelektroteknik.com\/wp-content\/uploads\/2015\/07\/hizmetlerimiz.jpg 669w, https:\/\/tunaelektroteknik.com\/wp-content\/uploads\/2015\/07\/hizmetlerimiz-300x35.jpg 300w\" sizes=\"(max-width: 669px) 100vw, 669px\" \/><\/p>\n<ul>\n<li>Elektrik, Elektronik, Makina, Otomasyon Sistemleri Dizayni, Montaji, Isletme ve Bakim Hizmetleri.<\/li>\n<li>Ex-Proof Tesisat proje ve montaji.<\/li>\n<li>AG ve Kumanda Panelleri Imalati ve Montaj<\/li>\n<li>OG Panelleri Montaji<\/li>\n<li>Zayif akim ve otomasyon Panelleri Imalati ve Montaji<\/li>\n<li>Enstruman ve Makine Sistemlerinin Dizayni ve Montaji<\/li>\n<li>Proje ve M\u00fcsavirlik Hizmetleri<\/li>\n<li>Jenerat\u00f6r sistemleri montaji.<\/li>\n<li>Zayif akim tesisatlari.<\/li>\n<li>Enerji nakil hatlari.<\/li>\n<li>Yangin algilama sistemleri.<\/li>\n<li>Aydinlatma Sistemleri, G\u00fc\u00e7 Merkezleri ve Komple Tesis Kurulmasi<\/li>\n<li>PLC ve SCADA sistemleri, programlama, montaji.<\/li>\n<li>Pn\u00f6matik ve Elektronik Enstr\u00fcman Sistemleri Bakim, Montaj ve Testleri, Akis, Basin\u00e7 Sicaklik, seviye \u00d6l\u00e7\u00fcm Cihazlari, Kontrol ve Analiz Cihazlari, Kaydediciler, Vanalar, (Pn\u00f6matik ve Motorlu), Benzin ve Motorin \u00dcretimi, Dolumu ve Dagitiminda Kullanilan elektronik ve mekanik seviye cihazlari; normal ve aktuat\u00f6rl\u00fc saya\u00e7lar, LPG Depolama, Dolum ve Dagitim Sirketlerinde Kullanilan Saya\u00e7, Pompa ve Seviye Cihazlari, Yangin Alarm ve S\u00f6nd\u00fcrme Devreleri, LPG Dolum ve Dagitim sirketlerinde kullanilan saya\u00e7 , pompa ve seviye cihazlari, yangin alarm ve s\u00f6nd\u00fcrme devreleri.<\/li>\n<\/ul>\n","protected":false},"excerpt":{"rendered":"<p>Elektrik, Elektronik, Makina, Otomasyon Sistemleri Dizayni, Montaji, Isletme ve Bakim Hizmetleri. Ex-Proof Tesisat proje ve montaji. AG ve Kumanda Panelleri [&hellip;]<\/p>\n","protected":false},"author":1,"featured_media":0,"parent":0,"menu_order":0,"comment_status":"open","ping_status":"open","template":"","meta":[],"_links":{"self":[{"href":"https:\/\/tunaelektroteknik.com\/index.php\/wp-json\/wp\/v2\/pages\/7"}],"collection":[{"href":"https:\/\/tunaelektroteknik.com\/index.php\/wp-json\/wp\/v2\/pages"}],"about":[{"href":"https:\/\/tunaelektroteknik.com\/index.php\/wp-json\/wp\/v2\/types\/page"}],"author":[{"embeddable":true,"href":"https:\/\/tunaelektroteknik.com\/index.php\/wp-json\/wp\/v2\/users\/1"}],"replies":[{"embeddable":true,"href":"https:\/\/tunaelektroteknik.com\/index.php\/wp-json\/wp\/v2\/comments?post=7"}],"version-history":[{"count":3,"href":"https:\/\/tunaelektroteknik.com\/index.php\/wp-json\/wp\/v2\/pages\/7\/revisions"}],"predecessor-version":[{"id":85,"href":"https:\/\/tunaelektroteknik.com\/index.php\/wp-json\/wp\/v2\/pages\/7\/revisions\/85"}],"wp:attachment":[{"href":"https:\/\/tunaelektroteknik.com\/index.php\/wp-json\/wp\/v2\/media?parent=7"}],"curies":[{"name":"wp","href":"https:\/\/api.w.org\/{rel}","templated":true}]}}