{"id":35,"date":"2015-07-22T02:36:17","date_gmt":"2015-07-21T23:36:17","guid":{"rendered":"http:\/\/tunaelektroteknik.com\/?page_id=35"},"modified":"2015-12-09T12:01:23","modified_gmt":"2015-12-09T10:01:23","slug":"ana-sayfa","status":"publish","type":"page","link":"https:\/\/tunaelektroteknik.com\/","title":{"rendered":"Ana Sayfa"},"content":{"rendered":"<p><img decoding=\"async\" loading=\"lazy\" class=\"alignnone wp-image-174 size-full\" src=\"https:\/\/tunaelektroteknik.com\/wp-content\/uploads\/referanslar.jpg\" alt=\"referanslar\" width=\"1827\" height=\"162\" srcset=\"https:\/\/tunaelektroteknik.com\/wp-content\/uploads\/referanslar.jpg 1827w, https:\/\/tunaelektroteknik.com\/wp-content\/uploads\/referanslar-300x27.jpg 300w, https:\/\/tunaelektroteknik.com\/wp-content\/uploads\/referanslar-1024x91.jpg 1024w\" sizes=\"(max-width: 1827px) 100vw, 1827px\" \/><\/p>\n\n\t\t<!-- MasterSlider -->\n\t\t<div id=\"P_MS5667f8dd722d2\" class=\"master-slider-parent msl ms-parent-id-2\" style=\"max-width:1060px;\"  >\n\t\t\t\t\n\t\t\t\n\t\t\t<!-- MasterSlider Main -->\n\t\t\t<div id=\"MS5667f8dd722d2\" class=\"master-slider ms-skin-light-2\" >\n\t\t\t\t \t\t\t\t \n\t\t\t\t<div  class=\"ms-slide\" data-delay=\"3\" data-fill-mode=\"fill\"  >\n\t\t\t\t\t<img src=\"https:\/\/tunaelektroteknik.com\/wp-content\/plugins\/master-slider\/public\/assets\/css\/blank.gif\" alt=\"\" title=\"\" data-src=\"https:\/\/tunaelektroteknik.com\/wp-content\/uploads\/tuna_elektro_teknik_05.jpg\" \/>\n\n\t\t\t\t\t<div class=\"ms-info\"><br \/><br \/>TUNA Elektroteknik; EX-Proof Tesisatlar, kapal\u0131 h\u00fccre salt merkezleri, O.G. ve A.G. g\u00fc\u00e7, da\u011f\u0131t\u0131m ve kompanzasyon panelleri, end\u00fcstriyel kurulu\u015flar\u0131n elektrik sistemlerinin planlama ve montaj\u0131, ayd\u0131nlatma, enstr\u00fcman ve makine montajlar\u0131n\u0131 yapmaktad\u0131r.<\/div>\n\n\n\t\t\t\t<\/div>\n\t\t\t\t<div  class=\"ms-slide\" data-delay=\"3\" data-fill-mode=\"fill\"  >\n\t\t\t\t\t<img src=\"https:\/\/tunaelektroteknik.com\/wp-content\/plugins\/master-slider\/public\/assets\/css\/blank.gif\" alt=\"\" title=\"\" data-src=\"https:\/\/tunaelektroteknik.com\/wp-content\/uploads\/2015\/07\/tuna008.jpg\" \/>\n\n\t\t\t\t\t<div class=\"ms-info\"><br \/><br \/>TUNA Elektroteknik; EX-Proof Tesisatlar, kapal\u0131 h\u00fccre salt merkezleri, O.G. ve A.G. g\u00fc\u00e7, da\u011f\u0131t\u0131m ve kompanzasyon panelleri, end\u00fcstriyel kurulu\u015flar\u0131n elektrik sistemlerinin planlama ve montaj\u0131, ayd\u0131nlatma, enstr\u00fcman ve makine montajlar\u0131n\u0131 yapmaktad\u0131r.<\/div>\n\n\n\t\t\t\t<\/div>\n\t\t\t\t<div  class=\"ms-slide\" data-delay=\"3\" data-fill-mode=\"fill\"  >\n\t\t\t\t\t<img src=\"https:\/\/tunaelektroteknik.com\/wp-content\/plugins\/master-slider\/public\/assets\/css\/blank.gif\" alt=\"\" title=\"\" data-src=\"https:\/\/tunaelektroteknik.com\/wp-content\/uploads\/2015\/07\/tuna007.jpg\" \/>\n\n\t\t\t\t\t<div class=\"ms-info\"><br \/><br \/>TUNA Elektroteknik; EX-Proof Tesisatlar, kapal\u0131 h\u00fccre salt merkezleri, O.G. ve A.G. g\u00fc\u00e7, da\u011f\u0131t\u0131m ve kompanzasyon panelleri, end\u00fcstriyel kurulu\u015flar\u0131n elektrik sistemlerinin planlama ve montaj\u0131, ayd\u0131nlatma, enstr\u00fcman ve makine montajlar\u0131n\u0131 yapmaktad\u0131r.<\/div>\n\n\n\t\t\t\t<\/div>\n\t\t\t\t<div  class=\"ms-slide\" data-delay=\"3\" data-fill-mode=\"fill\"  >\n\t\t\t\t\t<img src=\"https:\/\/tunaelektroteknik.com\/wp-content\/plugins\/master-slider\/public\/assets\/css\/blank.gif\" alt=\"\" title=\"\" data-src=\"https:\/\/tunaelektroteknik.com\/wp-content\/uploads\/2015\/07\/tuna006.jpg\" \/>\n\n\t\t\t\t\t<div class=\"ms-info\"><br \/><br \/><div class=\"entry-content\"><ul><li>Geli\u015fen teknolojileri takip ederek optimum \u00e7\u00f6z\u00fcmleri bulmak.<\/li><li>Rekabet ortam\u0131nda s\u00fcrekli geli\u015fme ve iyilesmeye a\u00e7\u0131k olmak.<\/li><li>Mesleki e\u011fitim ve i\u015f g\u00fcvenli\u011fi egitimleriyle i\u015f g\u00fcc\u00fc etkinli\u011fimizi artt\u0131rmak.<\/li><\/ul><\/div><\/div>\n\n\n\t\t\t\t<\/div>\n\t\t\t\t<div  class=\"ms-slide\" data-delay=\"3\" data-fill-mode=\"fill\"  >\n\t\t\t\t\t<img src=\"https:\/\/tunaelektroteknik.com\/wp-content\/plugins\/master-slider\/public\/assets\/css\/blank.gif\" alt=\"\" title=\"\" data-src=\"https:\/\/tunaelektroteknik.com\/wp-content\/uploads\/2015\/07\/tuna005.jpg\" \/>\n\n\t\t\t\t\t<div class=\"ms-info\"><br \/><br \/>TUNA Elektroteknik; EX-Proof Tesisatlar, kapal\u0131 h\u00fccre salt merkezleri, O.G. ve A.G. g\u00fc\u00e7, da\u011f\u0131t\u0131m ve kompanzasyon panelleri, end\u00fcstriyel kurulu\u015flar\u0131n elektrik sistemlerinin planlama ve montaj\u0131, ayd\u0131nlatma, enstr\u00fcman ve makine montajlar\u0131n\u0131 yapmaktad\u0131r.<\/div>\n\n\n\t\t\t\t<\/div>\n\t\t\t\t<div  class=\"ms-slide\" data-delay=\"3\" data-fill-mode=\"fill\"  >\n\t\t\t\t\t<img src=\"https:\/\/tunaelektroteknik.com\/wp-content\/plugins\/master-slider\/public\/assets\/css\/blank.gif\" alt=\"\" title=\"\" data-src=\"https:\/\/tunaelektroteknik.com\/wp-content\/uploads\/2015\/07\/tuna004.jpg\" \/>\n\n\t\t\t\t\t<div class=\"ms-info\"><br \/><br \/>\u0130\u015finiz ve projeniz ne olursa olsun, firmam\u0131z h\u0131zl\u0131 ve g\u00fcvenilir bi\u00e7imde siz m\u00fc\u015fterilerimize hizmet verecektir. \u0130ster i\u015f, ister bilgi i\u00e7in TUNA\u2019 y\u0131 araman\u0131zdan memnuniyet duyar\u0131z.<br \/>\u00c7\u00fcnk\u00fc; Size hizmet etmek i\u00e7in var\u0131z.<\/div>\n\n\n\t\t\t\t<\/div>\n\t\t\t\t<div  class=\"ms-slide\" data-delay=\"3\" data-fill-mode=\"fill\"  >\n\t\t\t\t\t<img src=\"https:\/\/tunaelektroteknik.com\/wp-content\/plugins\/master-slider\/public\/assets\/css\/blank.gif\" alt=\"\" title=\"\" data-src=\"https:\/\/tunaelektroteknik.com\/wp-content\/uploads\/2015\/07\/tuna003.jpg\" \/>\n\n\t\t\t\t\t<div class=\"ms-info\"><br \/><br \/>TUNA Elektroteknik ba\u015far\u0131s\u0131n\u0131; ekip \u00e7al\u0131smas\u0131, i\u015f g\u00fcvenli\u011fi ve i\u015f\u00e7i sa\u011fli\u011f\u0131, kalite ve zaman e\u011frisini en g\u00fczel bi\u00e7imde kullanmas\u0131na ve bunlar\u0131n neticesinde elde etti\u011fi deneyimi a\u00e7\u0131kl\u0131k politikas\u0131 haline getirerek, \u00e7al\u0131\u015ft\u0131\u011f\u0131 kurulu\u015flarla paylasmas\u0131na bor\u00e7ludur.<\/div>\n\n\n\t\t\t\t<\/div>\n\t\t\t\t<div  class=\"ms-slide\" data-delay=\"3\" data-fill-mode=\"fill\"  >\n\t\t\t\t\t<img src=\"https:\/\/tunaelektroteknik.com\/wp-content\/plugins\/master-slider\/public\/assets\/css\/blank.gif\" alt=\"\" title=\"\" data-src=\"https:\/\/tunaelektroteknik.com\/wp-content\/uploads\/tuna_elektro_teknik_6.jpg\" \/>\n\n\t\t\t\t\t<div class=\"ms-info\">&nbsp;<\/div>\n\n\n\t\t\t\t<\/div>\n\t\t\t\t<div  class=\"ms-slide\" data-delay=\"3\" data-fill-mode=\"fill\"  >\n\t\t\t\t\t<img src=\"https:\/\/tunaelektroteknik.com\/wp-content\/plugins\/master-slider\/public\/assets\/css\/blank.gif\" alt=\"\" title=\"\" data-src=\"https:\/\/tunaelektroteknik.com\/wp-content\/uploads\/tuna_elektro_teknik_04.jpg\" \/>\n\n\t\t\t\t\t<div class=\"ms-info\"><div><br \/><br \/><ul><li>Geli\u015fen teknolojileri takip ederek optimum \u00e7\u00f6z\u00fcmleri bulmak.<\/li><li>Rekabet ortam\u0131nda s\u00fcrekli geli\u015fme ve iyilesmeye a\u00e7\u0131k olmak.<\/li><li>Mesleki e\u011fitim ve i\u015f g\u00fcvenli\u011fi egitimleriyle i\u015f g\u00fcc\u00fc etkinli\u011fimizi artt\u0131rmak.<\/li><\/ul><\/div><\/div>\n\n\n\t\t\t\t<\/div>\n\t\t\t\t<div  class=\"ms-slide\" data-delay=\"3\" data-fill-mode=\"fill\"  >\n\t\t\t\t\t<img src=\"https:\/\/tunaelektroteknik.com\/wp-content\/plugins\/master-slider\/public\/assets\/css\/blank.gif\" alt=\"\" title=\"\" data-src=\"https:\/\/tunaelektroteknik.com\/wp-content\/uploads\/2015\/07\/tuna038.jpg\" \/>\n\n\t\t\t\t\t<div class=\"ms-info\"><br \/><br \/>TUNA Elektroteknik; EX-Proof Tesisatlar, kapal\u0131 h\u00fccre salt merkezleri, O.G. ve A.G. g\u00fc\u00e7, da\u011f\u0131t\u0131m ve kompanzasyon panelleri, end\u00fcstriyel kurulu\u015flar\u0131n elektrik sistemlerinin planlama ve montaj\u0131, ayd\u0131nlatma, enstr\u00fcman ve makine montajlar\u0131n\u0131 yapmaktad\u0131r.<\/div>\n\n\n\t\t\t\t<\/div>\n\t\t\t\t<div  class=\"ms-slide\" data-delay=\"3\" data-fill-mode=\"fill\"  >\n\t\t\t\t\t<img src=\"https:\/\/tunaelektroteknik.com\/wp-content\/plugins\/master-slider\/public\/assets\/css\/blank.gif\" alt=\"\" title=\"\" data-src=\"https:\/\/tunaelektroteknik.com\/wp-content\/uploads\/2015\/07\/tuna043.jpg\" \/>\n\n\t\t\t\t\t<div class=\"ms-info\"><br \/><br \/><ul><li>Geli\u015fen teknolojileri takip ederek optimum \u00e7\u00f6z\u00fcmleri bulmak.<\/li><li>Rekabet ortam\u0131nda s\u00fcrekli geli\u015fme ve iyilesmeye a\u00e7\u0131k olmak.<\/li><li>Mesleki e\u011fitim ve i\u015f g\u00fcvenli\u011fi egitimleriyle i\u015f g\u00fcc\u00fc etkinli\u011fimizi artt\u0131rmak.<\/li><\/ul><\/div>\n\n\n\t\t\t\t<\/div>\n\n\t\t\t<\/div>\n\t\t\t<!-- END MasterSlider Main -->\n\n\t\t\t \n\t\t<\/div>\n\t\t<!-- END MasterSlider --> \n\t\t\n\t\t<script>\n\t\t(function ( $ ) {\n\t\t\t\"use strict\";\n\n\t\t\t$(function () {\n\t\t\t\tvar masterslider_22d2 = new MasterSlider();\n\n\t\t\t\t\/\/ slider controls\n\t\t\t\tmasterslider_22d2.control('arrows'     ,{ autohide:false, overVideo:true  });                    \n\t\t\t\tmasterslider_22d2.control('bullets'    ,{ autohide:true, overVideo:true, dir:'h', align:'bottom' , margin:10  });\n\t\t\t\tmasterslider_22d2.control('scrollbar'  ,{ autohide:false, overVideo:true, dir:'h', inset:true, align:'top', color:'#3D3D3D' , margin:10  , width:4 });\n\t\t\t\tmasterslider_22d2.control('slideinfo'  ,{ autohide:false, overVideo:true, dir:'v', align:'right',inset:false , margin:10  , size:250 });\n\t\t\t\t\/\/ slider setup\n\t\t\t\tmasterslider_22d2.setup(\"MS5667f8dd722d2\", {\n\t\t\t\t\t\twidth           : 800,\n\t\t\t\t\t\theight          : 480,\n\t\t\t\t\t\tspace           : 0,\n\t\t\t\t\t\tstart           : 1,\n\t\t\t\t\t\tgrabCursor      : true,\n\t\t\t\t\t\tswipe           : true,\n\t\t\t\t\t\tmouse           : true,\n\t\t\t\t\t\tlayout          : \"boxed\", \n\t\t\t\t\t\twheel           : false,\n\t\t\t\t\t\tautoplay        : true,\n\t\t\t\t\t\tinstantStartLayers:false,\n\t\t\t\t\t\tloop            : false,\n\t\t\t\t\t\tshuffle         : false,\n\t\t\t\t\t\tpreload         : 0,\n\t\t\t\t\t\theightLimit     : true,\n\t\t\t\t\t\tautoHeight      : false,\n\t\t\t\t\t\tsmoothHeight    : true,\n\t\t\t\t\t\tendPause        : false,\n\t\t\t\t\t\toverPause       : true,\n\t\t\t\t\t\tfillMode        : \"fill\", \n\t\t\t\t\t\tcenterControls  : true,\n\t\t\t\t\t\tlayersMode      : \"center\", \n\t\t\t\t\t\thideLayers      : false, \n\t\t\t\t\t\tfullscreenMargin: 0,\n\t\t\t\t\t\tspeed           : 20, \n\t\t\t\t\t\tdir             : \"h\", \n\t\t\t\t\t\tparallaxMode    : 'swipe',\n\t\t\t\t\t\tview            : \"basic\"\n\t\t\t\t});\n\n\t\t\t\t\n\t\t\t\twindow.masterslider_instances = window.masterslider_instances || [];\n\t\t\t\twindow.masterslider_instances.push( masterslider_22d2 );\n\t\t\t });\n\t\t\t\n\t\t})(jQuery);\n\t\t<\/script> \n\t\t\n\n","protected":false},"excerpt":{"rendered":"","protected":false},"author":1,"featured_media":0,"parent":0,"menu_order":0,"comment_status":"open","ping_status":"open","template":"template-fullwidth.php","meta":[],"_links":{"self":[{"href":"https:\/\/tunaelektroteknik.com\/index.php\/wp-json\/wp\/v2\/pages\/35"}],"collection":[{"href":"https:\/\/tunaelektroteknik.com\/index.php\/wp-json\/wp\/v2\/pages"}],"about":[{"href":"https:\/\/tunaelektroteknik.com\/index.php\/wp-json\/wp\/v2\/types\/page"}],"author":[{"embeddable":true,"href":"https:\/\/tunaelektroteknik.com\/index.php\/wp-json\/wp\/v2\/users\/1"}],"replies":[{"embeddable":true,"href":"https:\/\/tunaelektroteknik.com\/index.php\/wp-json\/wp\/v2\/comments?post=35"}],"version-history":[{"count":8,"href":"https:\/\/tunaelektroteknik.com\/index.php\/wp-json\/wp\/v2\/pages\/35\/revisions"}],"predecessor-version":[{"id":175,"href":"https:\/\/tunaelektroteknik.com\/index.php\/wp-json\/wp\/v2\/pages\/35\/revisions\/175"}],"wp:attachment":[{"href":"https:\/\/tunaelektroteknik.com\/index.php\/wp-json\/wp\/v2\/media?parent=35"}],"curies":[{"name":"wp","href":"https:\/\/api.w.org\/{rel}","templated":true}]}}