{"id":16,"date":"2015-07-21T00:46:58","date_gmt":"2015-07-20T21:46:58","guid":{"rendered":"http:\/\/tunaelektroteknik.com\/?page_id=16"},"modified":"2015-07-30T16:33:39","modified_gmt":"2015-07-30T13:33:39","slug":"muhendislik-prosedurleri","status":"publish","type":"page","link":"https:\/\/tunaelektroteknik.com\/index.php\/muhendislik-prosedurleri\/","title":{"rendered":"M\u00fch. Prosed\u00fcrleri"},"content":{"rendered":"<p>Projelerim<img decoding=\"async\" loading=\"lazy\" class=\"alignright wp-image-17 size-medium\" src=\"https:\/\/tunaelektroteknik.com\/wp-content\/uploads\/2015\/07\/muhendislik-244x300.jpg\" alt=\"muhendislik\" width=\"244\" height=\"300\" srcset=\"https:\/\/tunaelektroteknik.com\/wp-content\/uploads\/2015\/07\/muhendislik-244x300.jpg 244w, https:\/\/tunaelektroteknik.com\/wp-content\/uploads\/2015\/07\/muhendislik.jpg 377w\" sizes=\"(max-width: 244px) 100vw, 244px\" \/>izde ba\u011fl\u0131 kald\u0131\u011f\u0131m\u0131z m\u00fchendislik<br \/>\nprosed\u00fcrle a\u015fa\u011f\u0131dad\u0131r.<\/p>\n<ul>\n<li>Kisisel Koruyucu Ekipmanlar<\/li>\n<li>Ilk Yardim<\/li>\n<li>Yangindan Korunma ve \u00d6nleme<\/li>\n<li>Kaynak ve Kesme<\/li>\n<li>Elektrik Tesisatlarinda Emniyet kurallari<\/li>\n<li>Iskeleler ve \u00c7alisma Platformlari<\/li>\n<li>Emniyet Kemeri ve D\u00fcsmeden Korunma<\/li>\n<li>Y\u00fcr\u00fcyen Vin\u00e7, Kule Vinci, ve Asans\u00f6rler<\/li>\n<li>Kazi Isleri<\/li>\n<li>\u00c7elik Montaji<\/li>\n<li>Merdivenler<\/li>\n<li>Boru Sistemlerinde Basin\u00e7 Testleri<\/li>\n<li>Kapali Kaplara Giris<\/li>\n<li>Kazi Izin Formu<\/li>\n<li>Y\u00fcksekte \u00c7alisma<\/li>\n<li>Ekipman Kontrol\u00fc<\/li>\n<\/ul>\n","protected":false},"excerpt":{"rendered":"<p>Projelerimizde ba\u011fl\u0131 kald\u0131\u011f\u0131m\u0131z m\u00fchendislik prosed\u00fcrle a\u015fa\u011f\u0131dad\u0131r. Kisisel Koruyucu Ekipmanlar Ilk Yardim Yangindan Korunma ve \u00d6nleme Kaynak ve Kesme Elektrik Tesisatlarinda [&hellip;]<\/p>\n","protected":false},"author":1,"featured_media":0,"parent":0,"menu_order":0,"comment_status":"open","ping_status":"open","template":"","meta":[],"_links":{"self":[{"href":"https:\/\/tunaelektroteknik.com\/index.php\/wp-json\/wp\/v2\/pages\/16"}],"collection":[{"href":"https:\/\/tunaelektroteknik.com\/index.php\/wp-json\/wp\/v2\/pages"}],"about":[{"href":"https:\/\/tunaelektroteknik.com\/index.php\/wp-json\/wp\/v2\/types\/page"}],"author":[{"embeddable":true,"href":"https:\/\/tunaelektroteknik.com\/index.php\/wp-json\/wp\/v2\/users\/1"}],"replies":[{"embeddable":true,"href":"https:\/\/tunaelektroteknik.com\/index.php\/wp-json\/wp\/v2\/comments?post=16"}],"version-history":[{"count":2,"href":"https:\/\/tunaelektroteknik.com\/index.php\/wp-json\/wp\/v2\/pages\/16\/revisions"}],"predecessor-version":[{"id":88,"href":"https:\/\/tunaelektroteknik.com\/index.php\/wp-json\/wp\/v2\/pages\/16\/revisions\/88"}],"wp:attachment":[{"href":"https:\/\/tunaelektroteknik.com\/index.php\/wp-json\/wp\/v2\/media?parent=16"}],"curies":[{"name":"wp","href":"https:\/\/api.w.org\/{rel}","templated":true}]}}