{"id":11,"date":"2015-07-21T00:38:48","date_gmt":"2015-07-20T21:38:48","guid":{"rendered":"http:\/\/tunaelektroteknik.com\/?page_id=11"},"modified":"2015-12-07T17:45:45","modified_gmt":"2015-12-07T15:45:45","slug":"hse-politikasi","status":"publish","type":"page","link":"https:\/\/tunaelektroteknik.com\/index.php\/hse-politikasi\/","title":{"rendered":"HSE Politikas\u0131"},"content":{"rendered":"<p><strong><img decoding=\"async\" loading=\"lazy\" class=\"alignnone wp-image-13 size-full\" src=\"https:\/\/tunaelektroteknik.com\/wp-content\/uploads\/2015\/07\/HSE.gif\" alt=\"HSE\" width=\"600\" height=\"150\" \/><\/strong><\/p>\n<p><strong>TUNA ELEKTRO TEKN\u0130K;<\/strong> b\u00fcnyesinde \u00e7al\u0131\u015fan herkesin, sa\u011fl\u0131k ve g\u00fcvenli\u011finin yan\u0131 s\u0131ra , do\u011fal \u00e7evreninde korunmas\u0131n\u0131n i\u015fin ba\u015far\u0131ya ulasmas\u0131n\u0131n ayr\u0131lmaz bir par\u00e7as\u0131 oldu\u011funa inanmaktad\u0131r.<\/p>\n<p><strong>Yapt\u0131\u011f\u0131m\u0131z baz\u0131 i\u015flerin;<\/strong> \u00e7al\u0131\u015fan\u0131m\u0131za, bizimle \u00e7al\u0131\u015fan y\u00fcklenici firmalara, ziyaret\u00e7ilerimize ve do\u011fal \u00e7evreye zarar verebilece\u011finin fark\u0131nday\u0131z. Olu\u015fabilecek bu t\u00fcr potansiyel tehlikeleri \u00f6nceden tespit edip uygun tedbirlerle bunlar\u0131 \u00f6nlemek zorunlulu\u011fumuzun her zaman bilincindeyiz.<\/p>\n<p><strong>Yukar\u0131daki politikam\u0131z gere\u011fi;<\/strong><\/p>\n<ul>\n<li>Yapt\u0131\u011f\u0131m\u0131z i\u015flerde s\u00fcrekli olarak yasalara, talimatlara ve \u00e7al\u0131sma izinlerine sayg\u0131 g\u00f6steririz.<\/li>\n<li>\u0130\u015f kazalar\u0131ndan kaynaklanan yaralanmay\u0131, mesleki hastal\u0131k riski ve do\u011fal \u00e7evreye verilebilecek zarar\u0131 s\u0131f\u0131ra indirmeyi, enerji kaynaklar\u0131n\u0131 verimli kullanmay\u0131 ve at\u0131klar\u0131 en aza indirmeyi hedefleriz.<\/li>\n<li>\u0130\u015f emniyeti, mesleki hastal\u0131k ve do\u011fal \u00e7evreyi koruma konular\u0131nda s\u00fcrekli bilgi aktar\u0131m\u0131 ve e\u011fitimi sa\u011flar\u0131z.<\/li>\n<li>Olu\u015fabilecek acil durumlar\u0131 planlamak i\u00e7in mahalli idarelerle s\u00fcrekli i\u015fbirli\u011fi yapar\u0131z.<\/li>\n<li>Politikam\u0131z\u0131 d\u00fczenli olarak g\u00f6zden ge\u00e7irerek daima geli\u015ftiririz.<\/li>\n<\/ul>\n<p><strong>HSE PRENS\u0130PLER\u0130<\/strong><\/p>\n<ul>\n<li>T\u00fcm yaralanmalar ve mesleki hastal\u0131klar \u00f6nlenebilir.<\/li>\n<li>Her \u00e7al\u0131\u015fan; yaralanma ve hastal\u0131klar\u0131 \u00f6nlemek ile \u00e7evreyi korumaktan do\u011frudan sorumludur.<\/li>\n<li>Emniyet, i\u015fin en \u00f6nemli par\u00e7as\u0131d\u0131r. \u00c7al\u0131\u015fanlar\u0131n t\u00fcm\u00fc emniyetli \u00e7ali\u015fmaktan sorumludur.<\/li>\n<li>HSE e\u011fitimleri; \u00e7evreye sayg\u0131l\u0131 i\u015f ortam\u0131n\u0131n yarat\u0131lmas\u0131n\u0131n ve emniyetin en \u00f6nemli par\u00e7as\u0131dir.<\/li>\n<li>HSE sisteminin i\u015f sahas\u0131nda uygulan\u0131p uygulanmad\u0131\u011f\u0131 s\u00fcrekli kontrol edilir.<\/li>\n<li>Emniyetle ilgili olabilecek riskler hemen tespit edilip, gerekli d\u00fczeltmeler an\u0131nda yap\u0131l\u0131r.<\/li>\n<li>T\u00fcm yaralanmalar, potansiyel riskler ve emniyetsiz durumlar titizlikle ara\u015ft\u0131r\u0131l\u0131r ve raporlan\u0131r.<\/li>\n<li>HSE program\u0131n\u0131n ba\u015far\u0131ya ula\u015fmas\u0131n\u0131n en kritik eleman\u0131 INSAN&#8217;dir.<\/li>\n<\/ul>\n","protected":false},"excerpt":{"rendered":"<p>TUNA ELEKTRO TEKN\u0130K; b\u00fcnyesinde \u00e7al\u0131\u015fan herkesin, sa\u011fl\u0131k ve g\u00fcvenli\u011finin yan\u0131 s\u0131ra , do\u011fal \u00e7evreninde korunmas\u0131n\u0131n i\u015fin ba\u015far\u0131ya ulasmas\u0131n\u0131n ayr\u0131lmaz bir [&hellip;]<\/p>\n","protected":false},"author":1,"featured_media":0,"parent":0,"menu_order":0,"comment_status":"open","ping_status":"open","template":"","meta":[],"_links":{"self":[{"href":"https:\/\/tunaelektroteknik.com\/index.php\/wp-json\/wp\/v2\/pages\/11"}],"collection":[{"href":"https:\/\/tunaelektroteknik.com\/index.php\/wp-json\/wp\/v2\/pages"}],"about":[{"href":"https:\/\/tunaelektroteknik.com\/index.php\/wp-json\/wp\/v2\/types\/page"}],"author":[{"embeddable":true,"href":"https:\/\/tunaelektroteknik.com\/index.php\/wp-json\/wp\/v2\/users\/1"}],"replies":[{"embeddable":true,"href":"https:\/\/tunaelektroteknik.com\/index.php\/wp-json\/wp\/v2\/comments?post=11"}],"version-history":[{"count":4,"href":"https:\/\/tunaelektroteknik.com\/index.php\/wp-json\/wp\/v2\/pages\/11\/revisions"}],"predecessor-version":[{"id":171,"href":"https:\/\/tunaelektroteknik.com\/index.php\/wp-json\/wp\/v2\/pages\/11\/revisions\/171"}],"wp:attachment":[{"href":"https:\/\/tunaelektroteknik.com\/index.php\/wp-json\/wp\/v2\/media?parent=11"}],"curies":[{"name":"wp","href":"https:\/\/api.w.org\/{rel}","templated":true}]}}